{"id":32,"date":"2025-09-02T12:46:29","date_gmt":"2025-09-02T12:46:29","guid":{"rendered":"https:\/\/learnloop-gutenberg.instawp.site\/?page_id=32"},"modified":"2025-11-26T21:38:33","modified_gmt":"2025-11-26T21:38:33","slug":"contact","status":"publish","type":"page","link":"https:\/\/www.avinnaakademi.com\/?page_id=32","title":{"rendered":"\u0130LET\u0130\u015e\u0130M"},"content":{"rendered":"\n<div class=\"wp-block-group alignfull has-white-background-color has-background is-layout-constrained wp-container-core-group-is-layout-31320e74 wp-block-group-is-layout-constrained\" style=\"padding-top:80px;padding-right:20px;padding-bottom:80px;padding-left:20px\">\n<div class=\"wp-block-columns is-layout-flex wp-container-core-columns-is-layout-8e96f76c wp-block-columns-is-layout-flex\">\n<div class=\"wp-block-column is-vertically-aligned-center has-border-color is-layout-flow wp-container-core-column-is-layout-b3456133 wp-block-column-is-layout-flow\" style=\"border-color:#f5efff;border-style:solid;border-width:1px;border-radius:4px;padding-top:26px;padding-right:30px;padding-bottom:26px;padding-left:30px;flex-basis:33.33%\">\n<figure class=\"wp-block-image aligncenter size-full is-resized\"><img loading=\"lazy\" decoding=\"async\" width=\"36\" height=\"37\" src=\"https:\/\/themegrilldemos.com\/elearning-marketplace-gutenberg\/wp-content\/uploads\/sites\/244\/2025\/09\/contact1.png\" alt=\"\" class=\"wp-image-539\" style=\"width:30px\"\/><\/figure>\n\n\n\n<h4 class=\"wp-block-heading has-text-align-center has-elearning-color-6-color has-text-color has-link-color wp-elements-0cc84a2b863b7bdd3e5c2d27796653bc\" style=\"font-size:20px;font-style:normal;font-weight:700;line-height:1.5\">Adres<\/h4>\n\n\n\n<p class=\"has-text-align-center has-text-color has-link-color wp-elements-d96d21e3dd61c1b625a6e410a3edcfa5\" style=\"color:#666666;font-style:normal;font-weight:500\">Gaziosmanpa\u015fa Merkez. Cumhuriyet meydan\u0131, y\u0131lmazlar i\u015f merkezi: No:28 Kat:2 No:4 Gaziosmanpa\u015fa \/ istanbul<\/p>\n<\/div>\n\n\n\n<div class=\"wp-block-column is-vertically-aligned-center has-border-color is-layout-flow wp-container-core-column-is-layout-b3456133 wp-block-column-is-layout-flow\" style=\"border-color:#f5efff;border-style:solid;border-width:1px;border-radius:4px;padding-top:26px;padding-right:30px;padding-bottom:26px;padding-left:30px;flex-basis:33.33%\">\n<figure class=\"wp-block-image aligncenter size-full is-resized\"><img loading=\"lazy\" decoding=\"async\" width=\"36\" height=\"37\" src=\"https:\/\/themegrilldemos.com\/elearning-marketplace-gutenberg\/wp-content\/uploads\/sites\/244\/2025\/09\/contact2.png\" alt=\"\" class=\"wp-image-540\" style=\"width:30px\"\/><\/figure>\n\n\n\n<h4 class=\"wp-block-heading has-text-align-center has-elearning-color-6-color has-text-color has-link-color wp-elements-ad8727f2ed6749e21ee7d9cce4a84759\" style=\"font-size:20px;font-style:normal;font-weight:700;line-height:1.5\">Mail<\/h4>\n\n\n\n<p class=\"has-text-align-center has-text-color has-link-color wp-elements-eb403f64fcf822f4b6825087862252ca\" style=\"color:#666666;font-style:normal;font-weight:500\">info@avinnaakademi.com<\/p>\n\n\n\n<p><\/p>\n<\/div>\n\n\n\n<div class=\"wp-block-column is-vertically-aligned-center has-border-color is-layout-flow wp-container-core-column-is-layout-b3456133 wp-block-column-is-layout-flow\" style=\"border-color:#f5efff;border-style:solid;border-width:1px;border-radius:4px;padding-top:26px;padding-right:30px;padding-bottom:26px;padding-left:30px;flex-basis:33.33%\">\n<figure class=\"wp-block-image aligncenter size-full is-resized\"><img loading=\"lazy\" decoding=\"async\" width=\"36\" height=\"37\" src=\"https:\/\/themegrilldemos.com\/elearning-marketplace-gutenberg\/wp-content\/uploads\/sites\/244\/2025\/09\/contact3.png\" alt=\"\" class=\"wp-image-542\" style=\"width:30px\"\/><\/figure>\n\n\n\n<h4 class=\"wp-block-heading has-text-align-center has-elearning-color-6-color has-text-color has-link-color wp-elements-a71259f3c08cd7e2ae91aee2629f7e0a\" style=\"font-size:20px;font-style:normal;font-weight:700;line-height:1.5\">Telefon <\/h4>\n\n\n\n<p class=\"has-text-align-center has-text-color has-link-color wp-elements-fe02fc6348c2f2ed15b173f29c1eab64\" style=\"color:#666666;font-style:normal;font-weight:500\">+90 (530) 643 3787<\/p>\n\n\n\n<p><\/p>\n<\/div>\n<\/div>\n<\/div>\n\n\n\n<div class=\"wp-block-group alignfull has-white-background-color has-background is-layout-constrained wp-container-core-group-is-layout-94536068 wp-block-group-is-layout-constrained\" style=\"padding-top:0px;padding-right:20px;padding-bottom:120px;padding-left:20px\">\n<div class=\"wp-block-columns is-layout-flex wp-container-core-columns-is-layout-aca22cf8 wp-block-columns-is-layout-flex\">\n<div class=\"wp-block-column is-vertically-aligned-center has-elearning-color-4-background-color has-background is-layout-flow wp-container-core-column-is-layout-0702c0f3 wp-block-column-is-layout-flow\" style=\"border-top-left-radius:4px;border-bottom-left-radius:4px;padding-top:38px;padding-right:30px;padding-bottom:38px;padding-left:30px;flex-basis:50%\"><div class=\"everest-forms\"><div class=\"evf-container default\" id=\"evf-835\"><form id=\"evf-form-835\" class=\"everest-form\" data-formid=\"835\" data-ajax_submission=\"0\" data-keyboard_friendly_form=\"0\" data-form_state_type=\"\" method=\"post\" enctype=\"multipart\/form-data\" action=\"\/index.php?rest_route=%2Fwp%2Fv2%2Fpages%2F32\"><div class=\"evf-field-container\"><input type=\"hidden\" id=\"_wpnonce835\" name=\"_wpnonce835\" value=\"d2b9ebd4b5\" \/><input type=\"hidden\" name=\"_wp_http_referer\" value=\"\/index.php?rest_route=%2Fwp%2Fv2%2Fpages%2F32\" \/><div class=\"evf-frontend-row\" data-row=\"row_1\" conditional_rules=\"[]\"><div class=\"evf-frontend-grid evf-grid-1\" data-grid=\"grid_1\"><div id=\"evf-835-field_ys0GeZISRs-1-container\" class=\"evf-field evf-field-first-name form-row validate-required\" data-required-field-message=\"This field is required.\" data-field-id=\"ys0GeZISRs-1\"><label class=\"evf-field-label\" for=\"evf-835-field_ys0GeZISRs-1\"><span class=\"evf-label\">\u0130sim<\/span> <abbr class=\"required\" title=\"Gerekli\">*<\/abbr><\/label><input type=\"text\" id=\"evf-835-field_ys0GeZISRs-1\" class=\"input-text\" name=\"everest_forms[form_fields][ys0GeZISRs-1]\" required><\/div><div id=\"evf-835-field_gbWOfqSE23-5-container\" class=\"evf-field evf-field-last-name form-row validate-required\" data-required-field-message=\"This field is required.\" data-field-id=\"gbWOfqSE23-5\"><label class=\"evf-field-label\" for=\"evf-835-field_gbWOfqSE23-5\"><span class=\"evf-label\">Soyisim<\/span> <abbr class=\"required\" title=\"Gerekli\">*<\/abbr><\/label><input type=\"text\" id=\"evf-835-field_gbWOfqSE23-5\" class=\"input-text\" name=\"everest_forms[form_fields][gbWOfqSE23-5]\" required><\/div><div id=\"evf-835-field_YdX8AHaOWP-6-container\" class=\"evf-field evf-field-number form-row validate-required\" data-required-field-message=\"Please enter a valid number.\" data-field-id=\"YdX8AHaOWP-6\"><label class=\"evf-field-label\" for=\"evf-835-field_YdX8AHaOWP-6\"><span class=\"evf-label\">Telefon<\/span> <abbr class=\"required\" title=\"Gerekli\">*<\/abbr><\/label><input type=\"number\" id=\"evf-835-field_YdX8AHaOWP-6\" class=\"input-text\" name=\"everest_forms[form_fields][YdX8AHaOWP-6]\" required\/><\/div><div id=\"evf-835-field_66FR384cge-3-container\" class=\"evf-field evf-field-text form-row validate-required\" data-required-field-message=\"This field is required.\" data-field-id=\"66FR384cge-3\"><label class=\"evf-field-label\" for=\"evf-835-field_66FR384cge-3\"><span class=\"evf-label\">Konu Ba\u015fl\u0131\u011f\u0131<\/span> <abbr class=\"required\" title=\"Gerekli\">*<\/abbr><\/label><input type=\"text\" id=\"evf-835-field_66FR384cge-3\" class=\"input-text\" name=\"everest_forms[form_fields][66FR384cge-3]\" required><\/div><div id=\"evf-835-field_yhGx3FOwr2-4-container\" class=\"evf-field evf-field-textarea form-row validate-required\" data-required-field-message=\"This field is required.\" data-field-id=\"yhGx3FOwr2-4\"><label class=\"evf-field-label\" for=\"evf-835-field_yhGx3FOwr2-4\"><span class=\"evf-label\">Mesaj<\/span> <abbr class=\"required\" title=\"Gerekli\">*<\/abbr><\/label><textarea id=\"evf-835-field_yhGx3FOwr2-4\" class=\"input-text\" name=\"everest_forms[form_fields][yhGx3FOwr2-4]\" required ><\/textarea><\/div><\/div><\/div><\/div><div class=\"evf-honeypot-container evf-field-hp\"><label for=\"evf-835-field-hp\" class=\"evf-field-label\">Website<\/label><input type=\"text\" name=\"everest_forms[hp]\" id=\"evf-835-field-hp\" class=\"input-text\"><\/div><div class=\"evf-submit-container \" ><input type=\"hidden\" name=\"everest_forms[id]\" value=\"835\"><input type=\"hidden\" name=\"everest_forms[author]\" value=\"1\"><button type='submit' name='everest_forms[submit]' class='everest-forms-submit-button button evf-submit ' id='evf-submit-835' value='evf-submit' data-process-text=\"Processing\u2026\" conditional_rules='&quot;&quot;' conditional_id='evf-submit-835'  id=\"evf-submit-835\" aria-live=\"assertive\">Submit<\/button><\/div><\/form><\/div><!-- .evf-container --><\/div><\/div>\n\n\n\n<div class=\"wp-block-column is-vertically-aligned-center is-layout-flow wp-block-column-is-layout-flow\" style=\"border-top-right-radius:4px;border-bottom-right-radius:4px;flex-basis:50%\">\n<div class=\"wp-block-group alignwide is-vertical is-content-justification-center is-layout-flex wp-container-core-group-is-layout-ce155fab wp-block-group-is-layout-flex\">\n<iframe src=\"https:\/\/www.google.com\/maps\/embed?pb=!1m16!1m12!1m3!1d6016.988966026224!2d28.909956097763718!3d41.058182685374355!2m3!1f0!2f0!3f0!3m2!1i1024!2i768!4f13.1!2m1!1sGaziosmanpa%C5%9Fa%20Merkez.%20Cumhuriyet%20meydan%C4%B1%2C%20y%C4%B1lmazlar%20i%C5%9F%20merkezi%3A%20No%3A28%20Kat%3A2%20No%3A4%20%20gaziosmanpa%C5%9Fa%2Fistanbul!5e0!3m2!1str!2str!4v1764192908192!5m2!1str!2str\" width=\"600\" height=\"450\" style=\"border:0;\" allowfullscreen=\"\" loading=\"lazy\" referrerpolicy=\"no-referrer-when-downgrade\"><\/iframe>\n<\/div>\n<\/div>\n<\/div>\n<\/div>\n\n\n\n<p><\/p>\n","protected":false},"excerpt":{"rendered":"<p>Adres Gaziosmanpa\u015fa Merkez. Cumhuriyet meydan\u0131, y\u0131lmazlar i\u015f merkezi: No:28 Kat:2 No:4 Gaziosmanpa\u015fa \/ istanbul Mail info@avinnaakademi.com Telefon +90 (530) 643 3787<\/p>\n","protected":false},"author":1,"featured_media":0,"parent":0,"menu_order":0,"comment_status":"closed","ping_status":"closed","template":"page-templates\/pagebuilder.php","meta":{"sfsi_plus_gutenberg_text_before_share":"","sfsi_plus_gutenberg_show_text_before_share":"","sfsi_plus_gutenberg_icon_type":"","sfsi_plus_gutenberg_icon_alignemt":"","sfsi_plus_gutenburg_max_per_row":"","elearning_container_layout":"tg-site-layout--stretched","elearning_sidebar_layout":"no_sidebar","elearning_remove_content_margin":false,"elearning_sidebar":"default","elearning_transparent_header":"customizer","elearning_logo":0,"elearning_header_style":"default","elearning_menu_item_color":"","elearning_menu_item_hover_color":"","elearning_menu_item_active_color":"","elearning_menu_item_active_style":"","elearning_page_header":false,"_joinchat":[],"footnotes":""},"class_list":["post-32","page","type-page","status-publish","hentry"],"_links":{"self":[{"href":"https:\/\/www.avinnaakademi.com\/index.php?rest_route=\/wp\/v2\/pages\/32","targetHints":{"allow":["GET"]}}],"collection":[{"href":"https:\/\/www.avinnaakademi.com\/index.php?rest_route=\/wp\/v2\/pages"}],"about":[{"href":"https:\/\/www.avinnaakademi.com\/index.php?rest_route=\/wp\/v2\/types\/page"}],"author":[{"embeddable":true,"href":"https:\/\/www.avinnaakademi.com\/index.php?rest_route=\/wp\/v2\/users\/1"}],"replies":[{"embeddable":true,"href":"https:\/\/www.avinnaakademi.com\/index.php?rest_route=%2Fwp%2Fv2%2Fcomments&post=32"}],"version-history":[{"count":5,"href":"https:\/\/www.avinnaakademi.com\/index.php?rest_route=\/wp\/v2\/pages\/32\/revisions"}],"predecessor-version":[{"id":837,"href":"https:\/\/www.avinnaakademi.com\/index.php?rest_route=\/wp\/v2\/pages\/32\/revisions\/837"}],"wp:attachment":[{"href":"https:\/\/www.avinnaakademi.com\/index.php?rest_route=%2Fwp%2Fv2%2Fmedia&parent=32"}],"curies":[{"name":"wp","href":"https:\/\/api.w.org\/{rel}","templated":true}]}}